{"id":44,"date":"2024-11-19T11:06:13","date_gmt":"2024-11-19T10:06:13","guid":{"rendered":"https:\/\/hmcgp.com\/index.php\/home\/"},"modified":"2026-03-27T09:02:33","modified_gmt":"2026-03-27T08:02:33","slug":"home","status":"publish","type":"page","link":"https:\/\/hmcgp.com\/","title":{"rendered":"HMCGP &#8211; Conseil, Gestion et Patrimoine \u00e0 Dijon"},"content":{"rendered":"\t\t<div data-elementor-type=\"wp-page\" data-elementor-id=\"44\" class=\"elementor elementor-44\">\n\t\t\t\t<div class=\"elementor-element elementor-element-947cbdb e-grid e-con-full e-con e-parent\" data-id=\"947cbdb\" data-element_type=\"container\">\n\t\t\t\t<div class=\"elementor-element elementor-element-a715232 elementor-widget-mobile__width-inherit elementor-invisible elementor-widget elementor-widget-image\" data-id=\"a715232\" data-element_type=\"widget\" data-settings=\"{&quot;_animation&quot;:&quot;fadeInLeft&quot;,&quot;_animation_mobile&quot;:&quot;fadeInDown&quot;}\" data-widget_type=\"image.default\">\n\t\t\t\t<div class=\"elementor-widget-container\">\n\t\t\t\t\t\t\t\t\t\t\t\t\t\t\t<img fetchpriority=\"high\" decoding=\"async\" width=\"800\" height=\"800\" src=\"https:\/\/hmcgp.com\/wp-content\/uploads\/2024\/11\/Logo-Vectoriel-HMCGP-noir_20241119-1024x1024.jpg\" class=\"attachment-large size-large wp-image-100\" alt=\"\" srcset=\"https:\/\/hmcgp.com\/wp-content\/uploads\/2024\/11\/Logo-Vectoriel-HMCGP-noir_20241119-1024x1024.jpg 1024w, https:\/\/hmcgp.com\/wp-content\/uploads\/2024\/11\/Logo-Vectoriel-HMCGP-noir_20241119-300x300.jpg 300w, https:\/\/hmcgp.com\/wp-content\/uploads\/2024\/11\/Logo-Vectoriel-HMCGP-noir_20241119-150x150.jpg 150w, https:\/\/hmcgp.com\/wp-content\/uploads\/2024\/11\/Logo-Vectoriel-HMCGP-noir_20241119-768x768.jpg 768w, https:\/\/hmcgp.com\/wp-content\/uploads\/2024\/11\/Logo-Vectoriel-HMCGP-noir_20241119.jpg 1500w\" sizes=\"(max-width: 800px) 100vw, 800px\" \/>\t\t\t\t\t\t\t\t\t\t\t\t\t\t\t<\/div>\n\t\t\t\t<\/div>\n\t\t<div class=\"elementor-element elementor-element-199020d9 e-con-full e-flex e-con e-child\" data-id=\"199020d9\" data-element_type=\"container\">\n\t\t\t\t<div class=\"elementor-element elementor-element-2692a76c elementor-widget elementor-widget-heading\" data-id=\"2692a76c\" data-element_type=\"widget\" data-settings=\"{&quot;_animation_mobile&quot;:&quot;fadeInUp&quot;}\" data-widget_type=\"heading.default\">\n\t\t\t\t<div class=\"elementor-widget-container\">\n\t\t\t\t\t<h2 class=\"elementor-heading-title elementor-size-default\">Bienvenue sur le site de la soci\u00e9t\u00e9<\/h2>\t\t\t\t<\/div>\n\t\t\t\t<\/div>\n\t\t\t\t<div class=\"elementor-element elementor-element-49c6bda elementor-widget elementor-widget-heading\" data-id=\"49c6bda\" data-element_type=\"widget\" data-settings=\"{&quot;_animation_mobile&quot;:&quot;fadeInUp&quot;}\" data-widget_type=\"heading.default\">\n\t\t\t\t<div class=\"elementor-widget-container\">\n\t\t\t\t\t<h2 class=\"elementor-heading-title elementor-size-default\">HMCGP<\/h2>\t\t\t\t<\/div>\n\t\t\t\t<\/div>\n\t\t\t\t<div class=\"elementor-element elementor-element-28455c49 elementor-widget elementor-widget-text-editor\" data-id=\"28455c49\" data-element_type=\"widget\" data-widget_type=\"text-editor.default\">\n\t\t\t\t<div class=\"elementor-widget-container\">\n\t\t\t\t\t\t\t\t\t<p>Vous accompagner dans la r\u00e9alisation de vos projets de vie :<br \/>S\u00e9curiser votre avenir et celui de votre famille,<br \/>Financer vos projets, Dynamiser votre \u00e9pargne,<br \/>Pr\u00e9parer votre retraite, Optimiser votre fiscalit\u00e9,<br \/>Aide \u00e0 la transmission de patrimoine.<\/p><p>A la d\u00e9couverte des strat\u00e9gies patrimoniales les mieux adapt\u00e9es \u00e0 votre situation et \u00e0 vos objectifs.<\/p>\t\t\t\t\t\t\t\t<\/div>\n\t\t\t\t<\/div>\n\t\t\t\t<div class=\"elementor-element elementor-element-59e9214 elementor-icon-list--layout-traditional elementor-list-item-link-full_width elementor-widget elementor-widget-icon-list\" data-id=\"59e9214\" data-element_type=\"widget\" data-widget_type=\"icon-list.default\">\n\t\t\t\t<div class=\"elementor-widget-container\">\n\t\t\t\t\t\t\t<ul class=\"elementor-icon-list-items\">\n\t\t\t\t\t\t\t<li class=\"elementor-icon-list-item\">\n\t\t\t\t\t\t\t\t\t\t\t<a href=\"tel:+33685321446\">\n\n\t\t\t\t\t\t\t\t\t\t\t\t<span class=\"elementor-icon-list-icon\">\n\t\t\t\t\t\t\t<svg aria-hidden=\"true\" class=\"e-font-icon-svg e-fas-mobile-alt\" viewBox=\"0 0 320 512\" xmlns=\"http:\/\/www.w3.org\/2000\/svg\"><path d=\"M272 0H48C21.5 0 0 21.5 0 48v416c0 26.5 21.5 48 48 48h224c26.5 0 48-21.5 48-48V48c0-26.5-21.5-48-48-48zM160 480c-17.7 0-32-14.3-32-32s14.3-32 32-32 32 14.3 32 32-14.3 32-32 32zm112-108c0 6.6-5.4 12-12 12H60c-6.6 0-12-5.4-12-12V60c0-6.6 5.4-12 12-12h200c6.6 0 12 5.4 12 12v312z\"><\/path><\/svg>\t\t\t\t\t\t<\/span>\n\t\t\t\t\t\t\t\t\t\t<span class=\"elementor-icon-list-text\">06.85.32.14.46<\/span>\n\t\t\t\t\t\t\t\t\t\t\t<\/a>\n\t\t\t\t\t\t\t\t\t<\/li>\n\t\t\t\t\t\t\t\t<li class=\"elementor-icon-list-item\">\n\t\t\t\t\t\t\t\t\t\t\t<a href=\"mailto:herve.muller@hmcgp.com\">\n\n\t\t\t\t\t\t\t\t\t\t\t\t<span class=\"elementor-icon-list-icon\">\n\t\t\t\t\t\t\t<svg aria-hidden=\"true\" class=\"e-font-icon-svg e-far-envelope\" viewBox=\"0 0 512 512\" xmlns=\"http:\/\/www.w3.org\/2000\/svg\"><path d=\"M464 64H48C21.49 64 0 85.49 0 112v288c0 26.51 21.49 48 48 48h416c26.51 0 48-21.49 48-48V112c0-26.51-21.49-48-48-48zm0 48v40.805c-22.422 18.259-58.168 46.651-134.587 106.49-16.841 13.247-50.201 45.072-73.413 44.701-23.208.375-56.579-31.459-73.413-44.701C106.18 199.465 70.425 171.067 48 152.805V112h416zM48 400V214.398c22.914 18.251 55.409 43.862 104.938 82.646 21.857 17.205 60.134 55.186 103.062 54.955 42.717.231 80.509-37.199 103.053-54.947 49.528-38.783 82.032-64.401 104.947-82.653V400H48z\"><\/path><\/svg>\t\t\t\t\t\t<\/span>\n\t\t\t\t\t\t\t\t\t\t<span class=\"elementor-icon-list-text\">herve.muller@hmcgp.com<\/span>\n\t\t\t\t\t\t\t\t\t\t\t<\/a>\n\t\t\t\t\t\t\t\t\t<\/li>\n\t\t\t\t\t\t\t\t<li class=\"elementor-icon-list-item\">\n\t\t\t\t\t\t\t\t\t\t\t<a href=\"https:\/\/meet.brevo.com\/herve-muller\">\n\n\t\t\t\t\t\t\t\t\t\t\t\t<span class=\"elementor-icon-list-icon\">\n\t\t\t\t\t\t\t<svg aria-hidden=\"true\" class=\"e-font-icon-svg e-fas-calendar-alt\" viewBox=\"0 0 448 512\" xmlns=\"http:\/\/www.w3.org\/2000\/svg\"><path d=\"M0 464c0 26.5 21.5 48 48 48h352c26.5 0 48-21.5 48-48V192H0v272zm320-196c0-6.6 5.4-12 12-12h40c6.6 0 12 5.4 12 12v40c0 6.6-5.4 12-12 12h-40c-6.6 0-12-5.4-12-12v-40zm0 128c0-6.6 5.4-12 12-12h40c6.6 0 12 5.4 12 12v40c0 6.6-5.4 12-12 12h-40c-6.6 0-12-5.4-12-12v-40zM192 268c0-6.6 5.4-12 12-12h40c6.6 0 12 5.4 12 12v40c0 6.6-5.4 12-12 12h-40c-6.6 0-12-5.4-12-12v-40zm0 128c0-6.6 5.4-12 12-12h40c6.6 0 12 5.4 12 12v40c0 6.6-5.4 12-12 12h-40c-6.6 0-12-5.4-12-12v-40zM64 268c0-6.6 5.4-12 12-12h40c6.6 0 12 5.4 12 12v40c0 6.6-5.4 12-12 12H76c-6.6 0-12-5.4-12-12v-40zm0 128c0-6.6 5.4-12 12-12h40c6.6 0 12 5.4 12 12v40c0 6.6-5.4 12-12 12H76c-6.6 0-12-5.4-12-12v-40zM400 64h-48V16c0-8.8-7.2-16-16-16h-32c-8.8 0-16 7.2-16 16v48H160V16c0-8.8-7.2-16-16-16h-32c-8.8 0-16 7.2-16 16v48H48C21.5 64 0 85.5 0 112v48h448v-48c0-26.5-21.5-48-48-48z\"><\/path><\/svg>\t\t\t\t\t\t<\/span>\n\t\t\t\t\t\t\t\t\t\t<span class=\"elementor-icon-list-text\">Prenez Rendez-vous en ligne ici !<\/span>\n\t\t\t\t\t\t\t\t\t\t\t<\/a>\n\t\t\t\t\t\t\t\t\t<\/li>\n\t\t\t\t\t\t<\/ul>\n\t\t\t\t\t\t<\/div>\n\t\t\t\t<\/div>\n\t\t\t\t<\/div>\n\t\t\t\t<\/div>\n\t\t<div class=\"elementor-element elementor-element-7d4e39ee e-con-full e-flex e-con e-parent\" data-id=\"7d4e39ee\" data-element_type=\"container\">\n\t\t\t\t<div class=\"elementor-element elementor-element-35039363 elementor-widget__width-initial elementor-widget elementor-widget-heading\" data-id=\"35039363\" data-element_type=\"widget\" data-widget_type=\"heading.default\">\n\t\t\t\t<div class=\"elementor-widget-container\">\n\t\t\t\t\t<h2 class=\"elementor-heading-title elementor-size-default\">\n<\/h2>\t\t\t\t<\/div>\n\t\t\t\t<\/div>\n\t\t\t\t<\/div>\n\t\t<div class=\"elementor-element elementor-element-913bac9 e-flex e-con-boxed e-con e-parent\" data-id=\"913bac9\" data-element_type=\"container\">\n\t\t\t\t\t<div class=\"e-con-inner\">\n\t\t<div class=\"elementor-element elementor-element-a0b6c3f e-con-full e-flex e-con e-child\" data-id=\"a0b6c3f\" data-element_type=\"container\">\n\t\t\t\t<div class=\"elementor-element elementor-element-a065da8 elementor-widget elementor-widget-image\" data-id=\"a065da8\" data-element_type=\"widget\" data-widget_type=\"image.default\">\n\t\t\t\t<div class=\"elementor-widget-container\">\n\t\t\t\t\t\t\t\t\t\t\t\t\t\t\t<img decoding=\"async\" width=\"150\" height=\"150\" src=\"https:\/\/hmcgp.com\/wp-content\/uploads\/2025\/02\/IMG_5262-150x150.jpg\" class=\"attachment-thumbnail size-thumbnail wp-image-119\" alt=\"\" \/>\t\t\t\t\t\t\t\t\t\t\t\t\t\t\t<\/div>\n\t\t\t\t<\/div>\n\t\t\t\t<\/div>\n\t\t<div class=\"elementor-element elementor-element-7e91c27 e-con-full e-flex e-con e-child\" data-id=\"7e91c27\" data-element_type=\"container\">\n\t\t\t\t<div class=\"elementor-element elementor-element-40b59d2 elementor-widget elementor-widget-text-editor\" data-id=\"40b59d2\" data-element_type=\"widget\" data-widget_type=\"text-editor.default\">\n\t\t\t\t<div class=\"elementor-widget-container\">\n\t\t\t\t\t\t\t\t\t<p><strong><em>Si\u00e8ge : 15 impasse du meix 21110 Longecourt en plaine<\/em><\/strong><\/p><p><strong><em>RSAC de Dijon &#8211; SIREN : 503894750<\/em><\/strong><\/p><p><strong><em>Assurance RCP aupr\u00e8s de AON Zurich Insurance : <\/em><\/strong><em>7400023129<\/em><\/p><p><strong><em>Inscrit \u00e0 l&#8217;ORIAS sous le Num\u00e9ro : 25001192\u00a0<a href=\"http:\/\/www.orias.fr\">http:\/\/www.orias.fr<\/a><\/em><\/strong><\/p><p><strong><em>Mandataire d&#8217;Interm\u00e9diaire en Assurance pour le compte de Stellium Courtage<\/em><\/strong><\/p><p><strong><em>Mandataire d\u2019interm\u00e9diaire en op\u00e9rations de banque et en services de<\/em><\/strong><\/p><p><strong><em>paiement <\/em><\/strong><\/p><p><strong><em>Agent li\u00e9 prestataire en service d&#8217;investissement (ALPSI) pour le compte de Stellium Invest<\/em><\/strong><\/p><p><strong><em>Membre de l&#8217;association professionnelle ANACOFI agr\u00e9\u00e9e par l&#8217;Autorit\u00e9 des March\u00e9s Financiers (AMF)<\/em><\/strong><\/p><p><strong><em>Attestation d\u2019habilitation d\u00e9livr\u00e9e \u00e0 Toulouse par Stellium Immobilier titulaire de la carte de<\/em><\/strong><\/p><p><strong><em>transaction immobili\u00e8re n\u00b0 CPI 3101 2015 000 001 813<\/em><\/strong><\/p>\t\t\t\t\t\t\t\t<\/div>\n\t\t\t\t<\/div>\n\t\t\t\t<\/div>\n\t\t\t\t\t<\/div>\n\t\t\t\t<\/div>\n\t\t\t\t<\/div>\n\t\t","protected":false},"excerpt":{"rendered":"<p>Bienvenue sur le site de la soci\u00e9t\u00e9 HMCGP Vous accompagner dans la r\u00e9alisation de vos projets de vie :S\u00e9curiser votre avenir et celui de votre famille,Financer vos projets, Dynamiser votre \u00e9pargne,Pr\u00e9parer votre retraite, Optimiser votre fiscalit\u00e9,Aide \u00e0 la transmission de patrimoine. A la d\u00e9couverte des strat\u00e9gies patrimoniales les mieux adapt\u00e9es \u00e0 votre situation et \u00e0 [&hellip;]<\/p>\n","protected":false},"author":1,"featured_media":0,"parent":0,"menu_order":0,"comment_status":"closed","ping_status":"closed","template":"elementor_header_footer","meta":{"footnotes":""},"class_list":["post-44","page","type-page","status-publish","hentry"],"yoast_head":"<!-- This site is optimized with the Yoast SEO plugin v24.5 - https:\/\/yoast.com\/wordpress\/plugins\/seo\/ -->\n<title>HMCGP | Soci\u00e9t\u00e9 de Conseil, Gestion et Patrimoine \u00e0 Dijon<\/title>\n<meta name=\"description\" content=\"Nous sommes une soci\u00e9t\u00e9 de conseil en gestion patrimoniale bas\u00e9e \u00e0 Dijon. Contactez-nous pour plus d&#039;informations.\" \/>\n<meta name=\"robots\" content=\"index, follow, max-snippet:-1, max-image-preview:large, max-video-preview:-1\" \/>\n<link rel=\"canonical\" href=\"https:\/\/hmcgp.com\/\" \/>\n<meta property=\"og:locale\" content=\"en_US\" \/>\n<meta property=\"og:type\" content=\"article\" \/>\n<meta property=\"og:title\" content=\"HMCGP | Soci\u00e9t\u00e9 de Conseil, Gestion et Patrimoine \u00e0 Dijon\" \/>\n<meta property=\"og:description\" content=\"Nous sommes une soci\u00e9t\u00e9 de conseil en gestion patrimoniale bas\u00e9e \u00e0 Dijon. Contactez-nous pour plus d&#039;informations.\" \/>\n<meta property=\"og:url\" content=\"https:\/\/hmcgp.com\/\" \/>\n<meta property=\"og:site_name\" content=\"HMCPG\" \/>\n<meta property=\"article:modified_time\" content=\"2026-03-27T08:02:33+00:00\" \/>\n<meta property=\"og:image\" content=\"https:\/\/hmcgp.com\/wp-content\/uploads\/2024\/11\/Logo-Vectoriel-HMCGP-noir_20241119.jpg\" \/>\n\t<meta property=\"og:image:width\" content=\"1500\" \/>\n\t<meta property=\"og:image:height\" content=\"1500\" \/>\n\t<meta property=\"og:image:type\" content=\"image\/jpeg\" \/>\n<meta name=\"twitter:card\" content=\"summary_large_image\" \/>\n<meta name=\"twitter:label1\" content=\"Est. reading time\" \/>\n\t<meta name=\"twitter:data1\" content=\"2 minutes\" \/>\n<script type=\"application\/ld+json\" class=\"yoast-schema-graph\">{\"@context\":\"https:\/\/schema.org\",\"@graph\":[{\"@type\":\"WebPage\",\"@id\":\"https:\/\/hmcgp.com\/\",\"url\":\"https:\/\/hmcgp.com\/\",\"name\":\"HMCGP | Soci\u00e9t\u00e9 de Conseil, Gestion et Patrimoine \u00e0 Dijon\",\"isPartOf\":{\"@id\":\"https:\/\/hmcgp.com\/#website\"},\"primaryImageOfPage\":{\"@id\":\"https:\/\/hmcgp.com\/#primaryimage\"},\"image\":{\"@id\":\"https:\/\/hmcgp.com\/#primaryimage\"},\"thumbnailUrl\":\"http:\/\/hmcgp.com\/wp-content\/uploads\/2024\/11\/Logo-Vectoriel-HMCGP-noir_20241119-1024x1024.jpg\",\"datePublished\":\"2024-11-19T10:06:13+00:00\",\"dateModified\":\"2026-03-27T08:02:33+00:00\",\"description\":\"Nous sommes une soci\u00e9t\u00e9 de conseil en gestion patrimoniale bas\u00e9e \u00e0 Dijon. Contactez-nous pour plus d'informations.\",\"breadcrumb\":{\"@id\":\"https:\/\/hmcgp.com\/#breadcrumb\"},\"inLanguage\":\"en-US\",\"potentialAction\":[{\"@type\":\"ReadAction\",\"target\":[\"https:\/\/hmcgp.com\/\"]}]},{\"@type\":\"ImageObject\",\"inLanguage\":\"en-US\",\"@id\":\"https:\/\/hmcgp.com\/#primaryimage\",\"url\":\"https:\/\/hmcgp.com\/wp-content\/uploads\/2024\/11\/Logo-Vectoriel-HMCGP-noir_20241119.jpg\",\"contentUrl\":\"https:\/\/hmcgp.com\/wp-content\/uploads\/2024\/11\/Logo-Vectoriel-HMCGP-noir_20241119.jpg\",\"width\":1500,\"height\":1500},{\"@type\":\"BreadcrumbList\",\"@id\":\"https:\/\/hmcgp.com\/#breadcrumb\",\"itemListElement\":[{\"@type\":\"ListItem\",\"position\":1,\"name\":\"Home\",\"item\":\"https:\/\/hmcgp.com\/\"},{\"@type\":\"ListItem\",\"position\":2,\"name\":\"HMCGP &#8211; Conseil, Gestion et Patrimoine \u00e0 Dijon\"}]},{\"@type\":\"WebSite\",\"@id\":\"https:\/\/hmcgp.com\/#website\",\"url\":\"https:\/\/hmcgp.com\/\",\"name\":\"HMCPG\",\"description\":\"Conseil, Gestion et Patrimoine\",\"publisher\":{\"@id\":\"https:\/\/hmcgp.com\/#organization\"},\"potentialAction\":[{\"@type\":\"SearchAction\",\"target\":{\"@type\":\"EntryPoint\",\"urlTemplate\":\"https:\/\/hmcgp.com\/?s={search_term_string}\"},\"query-input\":{\"@type\":\"PropertyValueSpecification\",\"valueRequired\":true,\"valueName\":\"search_term_string\"}}],\"inLanguage\":\"en-US\"},{\"@type\":\"Organization\",\"@id\":\"https:\/\/hmcgp.com\/#organization\",\"name\":\"HMCPG\",\"url\":\"https:\/\/hmcgp.com\/\",\"logo\":{\"@type\":\"ImageObject\",\"inLanguage\":\"en-US\",\"@id\":\"https:\/\/hmcgp.com\/#\/schema\/logo\/image\/\",\"url\":\"http:\/\/hmcgp.com\/wp-content\/uploads\/2024\/11\/Logo-Vectoriel-HMCGP-noir_20241119.jpg\",\"contentUrl\":\"http:\/\/hmcgp.com\/wp-content\/uploads\/2024\/11\/Logo-Vectoriel-HMCGP-noir_20241119.jpg\",\"width\":1500,\"height\":1500,\"caption\":\"HMCPG\"},\"image\":{\"@id\":\"https:\/\/hmcgp.com\/#\/schema\/logo\/image\/\"}}]}<\/script>\n<!-- \/ Yoast SEO plugin. -->","yoast_head_json":{"title":"HMCGP | Soci\u00e9t\u00e9 de Conseil, Gestion et Patrimoine \u00e0 Dijon","description":"Nous sommes une soci\u00e9t\u00e9 de conseil en gestion patrimoniale bas\u00e9e \u00e0 Dijon. Contactez-nous pour plus d'informations.","robots":{"index":"index","follow":"follow","max-snippet":"max-snippet:-1","max-image-preview":"max-image-preview:large","max-video-preview":"max-video-preview:-1"},"canonical":"https:\/\/hmcgp.com\/","og_locale":"en_US","og_type":"article","og_title":"HMCGP | Soci\u00e9t\u00e9 de Conseil, Gestion et Patrimoine \u00e0 Dijon","og_description":"Nous sommes une soci\u00e9t\u00e9 de conseil en gestion patrimoniale bas\u00e9e \u00e0 Dijon. Contactez-nous pour plus d'informations.","og_url":"https:\/\/hmcgp.com\/","og_site_name":"HMCPG","article_modified_time":"2026-03-27T08:02:33+00:00","og_image":[{"width":1500,"height":1500,"url":"https:\/\/hmcgp.com\/wp-content\/uploads\/2024\/11\/Logo-Vectoriel-HMCGP-noir_20241119.jpg","type":"image\/jpeg"}],"twitter_card":"summary_large_image","twitter_misc":{"Est. reading time":"2 minutes"},"schema":{"@context":"https:\/\/schema.org","@graph":[{"@type":"WebPage","@id":"https:\/\/hmcgp.com\/","url":"https:\/\/hmcgp.com\/","name":"HMCGP | Soci\u00e9t\u00e9 de Conseil, Gestion et Patrimoine \u00e0 Dijon","isPartOf":{"@id":"https:\/\/hmcgp.com\/#website"},"primaryImageOfPage":{"@id":"https:\/\/hmcgp.com\/#primaryimage"},"image":{"@id":"https:\/\/hmcgp.com\/#primaryimage"},"thumbnailUrl":"http:\/\/hmcgp.com\/wp-content\/uploads\/2024\/11\/Logo-Vectoriel-HMCGP-noir_20241119-1024x1024.jpg","datePublished":"2024-11-19T10:06:13+00:00","dateModified":"2026-03-27T08:02:33+00:00","description":"Nous sommes une soci\u00e9t\u00e9 de conseil en gestion patrimoniale bas\u00e9e \u00e0 Dijon. Contactez-nous pour plus d'informations.","breadcrumb":{"@id":"https:\/\/hmcgp.com\/#breadcrumb"},"inLanguage":"en-US","potentialAction":[{"@type":"ReadAction","target":["https:\/\/hmcgp.com\/"]}]},{"@type":"ImageObject","inLanguage":"en-US","@id":"https:\/\/hmcgp.com\/#primaryimage","url":"https:\/\/hmcgp.com\/wp-content\/uploads\/2024\/11\/Logo-Vectoriel-HMCGP-noir_20241119.jpg","contentUrl":"https:\/\/hmcgp.com\/wp-content\/uploads\/2024\/11\/Logo-Vectoriel-HMCGP-noir_20241119.jpg","width":1500,"height":1500},{"@type":"BreadcrumbList","@id":"https:\/\/hmcgp.com\/#breadcrumb","itemListElement":[{"@type":"ListItem","position":1,"name":"Home","item":"https:\/\/hmcgp.com\/"},{"@type":"ListItem","position":2,"name":"HMCGP &#8211; Conseil, Gestion et Patrimoine \u00e0 Dijon"}]},{"@type":"WebSite","@id":"https:\/\/hmcgp.com\/#website","url":"https:\/\/hmcgp.com\/","name":"HMCPG","description":"Conseil, Gestion et Patrimoine","publisher":{"@id":"https:\/\/hmcgp.com\/#organization"},"potentialAction":[{"@type":"SearchAction","target":{"@type":"EntryPoint","urlTemplate":"https:\/\/hmcgp.com\/?s={search_term_string}"},"query-input":{"@type":"PropertyValueSpecification","valueRequired":true,"valueName":"search_term_string"}}],"inLanguage":"en-US"},{"@type":"Organization","@id":"https:\/\/hmcgp.com\/#organization","name":"HMCPG","url":"https:\/\/hmcgp.com\/","logo":{"@type":"ImageObject","inLanguage":"en-US","@id":"https:\/\/hmcgp.com\/#\/schema\/logo\/image\/","url":"http:\/\/hmcgp.com\/wp-content\/uploads\/2024\/11\/Logo-Vectoriel-HMCGP-noir_20241119.jpg","contentUrl":"http:\/\/hmcgp.com\/wp-content\/uploads\/2024\/11\/Logo-Vectoriel-HMCGP-noir_20241119.jpg","width":1500,"height":1500,"caption":"HMCPG"},"image":{"@id":"https:\/\/hmcgp.com\/#\/schema\/logo\/image\/"}}]}},"_links":{"self":[{"href":"https:\/\/hmcgp.com\/index.php\/wp-json\/wp\/v2\/pages\/44","targetHints":{"allow":["GET"]}}],"collection":[{"href":"https:\/\/hmcgp.com\/index.php\/wp-json\/wp\/v2\/pages"}],"about":[{"href":"https:\/\/hmcgp.com\/index.php\/wp-json\/wp\/v2\/types\/page"}],"author":[{"embeddable":true,"href":"https:\/\/hmcgp.com\/index.php\/wp-json\/wp\/v2\/users\/1"}],"replies":[{"embeddable":true,"href":"https:\/\/hmcgp.com\/index.php\/wp-json\/wp\/v2\/comments?post=44"}],"version-history":[{"count":41,"href":"https:\/\/hmcgp.com\/index.php\/wp-json\/wp\/v2\/pages\/44\/revisions"}],"predecessor-version":[{"id":131,"href":"https:\/\/hmcgp.com\/index.php\/wp-json\/wp\/v2\/pages\/44\/revisions\/131"}],"wp:attachment":[{"href":"https:\/\/hmcgp.com\/index.php\/wp-json\/wp\/v2\/media?parent=44"}],"curies":[{"name":"wp","href":"https:\/\/api.w.org\/{rel}","templated":true}]}}